{"id":56,"date":"2022-10-17T20:12:17","date_gmt":"2022-10-17T20:12:17","guid":{"rendered":"https:\/\/atticusreptiles.com\/?page_id=56"},"modified":"2026-03-26T01:40:09","modified_gmt":"2026-03-26T01:40:09","slug":"fakta-om-leopard-gecko-og-dverg-varaner","status":"publish","type":"page","link":"https:\/\/atticusreptiles.com\/?page_id=56","title":{"rendered":"Fakta om Leopard Gecko"},"content":{"rendered":"\n<p><br><br><\/p>\n\n\n\n<figure class=\"wp-block-gallery has-nested-images columns-default is-cropped wp-block-gallery-1 is-layout-flex wp-block-gallery-is-layout-flex\">\n<figure class=\"wp-block-image size-large\"><img loading=\"lazy\" decoding=\"async\" width=\"1024\" height=\"841\" data-id=\"2427\" src=\"https:\/\/atticusreptiles.com\/wp-content\/uploads\/2025\/03\/IMG_7771-1024x841.jpeg\" alt=\"\" class=\"wp-image-2427\" srcset=\"https:\/\/atticusreptiles.com\/wp-content\/uploads\/2025\/03\/IMG_7771-1024x841.jpeg 1024w, https:\/\/atticusreptiles.com\/wp-content\/uploads\/2025\/03\/IMG_7771-300x246.jpeg 300w, https:\/\/atticusreptiles.com\/wp-content\/uploads\/2025\/03\/IMG_7771-768x631.jpeg 768w, https:\/\/atticusreptiles.com\/wp-content\/uploads\/2025\/03\/IMG_7771.jpeg 1054w\" sizes=\"auto, (max-width: 1024px) 100vw, 1024px\" \/><\/figure>\n<\/figure>\n\n\n\n<p>One of our Boldstripes. JMG, Lavender, GGG, Bandit Lines<\/p>\n\n\n\n<p>Leopard Gekko (Eublepharis macularius) er en art som kommer fra fjellregionene i Pakistan, i vestlige India og helt s\u00f8r\u00f8stlige Afghanistan. De finnes p\u00e5 t\u00f8rre steinete fjellandskap til flate t\u00f8rre gressletter. Leopardgekkoer er nattaktive, og vil om dagen unng\u00e5 ekstrem varme og sover i huler i fjellet og steinras hvor temperatur og fuktighet er mildere. Leopard Geckoer er som alle andre reptiler kaldblodige og klarer ikke \u00e5 produsere varme selv, s\u00e5 det er derfor viktig med gode stabile varmekilder. Leopard Geckoer blir ca 20-30 cm lange med halen og rundt 50-100gr avhengig om det er en hann eller hunn. Stortsett er fullvoksne hanner noe st\u00f8rre og tyngre en fullvoksne hunner. Det finnes \u00abgiant\u00bb mutasjoner hvor dem kan bli over 150gr og noen cm lengre en normalt. Dem kan leve mellom 20-30 \u00e5r i fangenskap. Leopard Geckoer regnes som fullvoksne n\u00e5r dem er ca 1 \u00e5r, og kan v\u00e6re kj\u00f8nnsmodne allerede fra 10mnd. Varierer selvsagt mellom hunner og hanner. For \u00e5 v\u00e6re sikrest mulig p\u00e5 hvilket kj\u00f8nn en har s\u00e5 anbefales det \u00e5 sjekke n\u00e5r gekkoen er rundt 6-7 mnd, igjen variabler. Vekt, spiller en stor rolle. \u00c5 tilogmed et trent \u00f8ye kan v\u00e6re sikker p\u00e5 at det foreks er en hunn ganske tidlig men s\u00e5 kommer alts\u00e5 da disse kj\u00f8nnsprega tydeligere frem etterhvert. <br><\/p>\n\n\n\n<p>Bilde for demonstrasjon<\/p>\n\n\n\n<figure class=\"wp-block-gallery has-nested-images columns-default is-cropped wp-block-gallery-2 is-layout-flex wp-block-gallery-is-layout-flex\">\n<figure class=\"wp-block-image size-large\"><img loading=\"lazy\" decoding=\"async\" width=\"1024\" height=\"610\" data-id=\"795\" src=\"https:\/\/atticusreptiles.com\/wp-content\/uploads\/2024\/07\/IMG_2200-1024x610.jpeg\" alt=\"\" class=\"wp-image-795\" srcset=\"https:\/\/atticusreptiles.com\/wp-content\/uploads\/2024\/07\/IMG_2200-1024x610.jpeg 1024w, https:\/\/atticusreptiles.com\/wp-content\/uploads\/2024\/07\/IMG_2200-300x179.jpeg 300w, https:\/\/atticusreptiles.com\/wp-content\/uploads\/2024\/07\/IMG_2200-768x458.jpeg 768w, https:\/\/atticusreptiles.com\/wp-content\/uploads\/2024\/07\/IMG_2200.jpeg 1200w\" sizes=\"auto, (max-width: 1024px) 100vw, 1024px\" \/><\/figure>\n<\/figure>\n\n\n\n<p>Til venstre en hunn, og h\u00f8yre en gutt. Alts\u00e5 en kan tro en har en hunn fordi disse V formede porene ikke er tilstede \u00e5 en ikke ser noe tegn til juvelene til guttene, men s\u00e5 er ikke gekkoen kj\u00f8nnsmoden enda. Litt lettere \u00e5 se p\u00e5 en hann viss en ser juvelene (hemipenal bulges) Jenter har ogs\u00e5 denne V porete formen, bare ikke like markert som hannen. <\/p>\n\n\n\n<p><\/p>\n\n\n\n<p><\/p>\n\n\n\n<p><\/p>\n\n\n\n<figure class=\"wp-block-image size-full\"><img loading=\"lazy\" decoding=\"async\" width=\"1024\" height=\"866\" src=\"https:\/\/atticusreptiles.com\/wp-content\/uploads\/2025\/03\/IMG_8150.jpeg\" alt=\"\" class=\"wp-image-2572\" srcset=\"https:\/\/atticusreptiles.com\/wp-content\/uploads\/2025\/03\/IMG_8150.jpeg 1024w, https:\/\/atticusreptiles.com\/wp-content\/uploads\/2025\/03\/IMG_8150-300x254.jpeg 300w, https:\/\/atticusreptiles.com\/wp-content\/uploads\/2025\/03\/IMG_8150-768x650.jpeg 768w\" sizes=\"auto, (max-width: 1024px) 100vw, 1024px\" \/><\/figure>\n\n\n\n<p>One of our Black Night males, original \ud83c\uddf3\ud83c\uddf1 lines<\/p>\n\n\n\n<h2 class=\"wp-block-heading\">Genetikk<\/h2>\n\n\n\n<p>Generell linje avl <\/p>\n\n\n\n<p>Tangerine = Oransje <\/p>\n\n\n\n<ul class=\"wp-block-list\">\n<li>Blood &#8211; JMG Line<\/li>\n\n\n\n<li>Electric- Hiss Line<\/li>\n\n\n\n<li>Gecko Genetics- Jason Haygood Line<\/li>\n\n\n\n<li>Mandarin- Fra Gecko Genetics Line<\/li>\n\n\n\n<li>Tangerine Tornado- TUG Line<\/li>\n\n\n\n<li>Atomic- A&amp;M Line<\/li>\n\n\n\n<li>Purplehead- Lavender Tangerine Line, Geckoboa<\/li>\n\n\n\n<li>Pasificgreen- Line from Kyle Golinveaux<\/li>\n\n\n\n<li>Green &amp; Tangerine- Ultimate Gecko<\/li>\n<\/ul>\n\n\n\n<p>Bandit Linjer: <\/p>\n\n\n\n<ul class=\"wp-block-list\">\n<li>Bold: Very bold markings<\/li>\n\n\n\n<li>Boldstripe: Bold or very dark stripe<\/li>\n\n\n\n<li>GGG- Golden Gates Gecko Line<\/li>\n\n\n\n<li>Extreme Bold<\/li>\n\n\n\n<li><\/li>\n<\/ul>\n\n\n\n<p>Melanistiske linjer: <\/p>\n\n\n\n<ul class=\"wp-block-list\">\n<li>Black Pearl<\/li>\n\n\n\n<li>Charcoal- JMG Line<\/li>\n\n\n\n<li>Black Night- Ferry Zuurmond Line. Dette er en ren linje og ikke en beskrivelse av melanistiske gekkoer.<\/li>\n\n\n\n<li>Originale Black Nights er 100% het fri. <\/li>\n<\/ul>\n\n\n\n<p>Dominante og ressisve gener. N\u00e5r man krysser noe sammen overskygger de dominante det vi kaller ressesive gener. Visuelt sett dominer da de dominerende genene over de ressisve. <\/p>\n\n\n\n<figure class=\"wp-block-gallery has-nested-images columns-default is-cropped wp-block-gallery-3 is-layout-flex wp-block-gallery-is-layout-flex\">\n<figure class=\"wp-block-image size-large\"><img loading=\"lazy\" decoding=\"async\" width=\"1024\" height=\"683\" data-id=\"2441\" src=\"https:\/\/atticusreptiles.com\/wp-content\/uploads\/2025\/03\/IMG_75971-1024x683.jpg\" alt=\"\" class=\"wp-image-2441\" srcset=\"https:\/\/atticusreptiles.com\/wp-content\/uploads\/2025\/03\/IMG_75971-1024x683.jpg 1024w, https:\/\/atticusreptiles.com\/wp-content\/uploads\/2025\/03\/IMG_75971-300x200.jpg 300w, https:\/\/atticusreptiles.com\/wp-content\/uploads\/2025\/03\/IMG_75971-768x512.jpg 768w, https:\/\/atticusreptiles.com\/wp-content\/uploads\/2025\/03\/IMG_75971-1536x1025.jpg 1536w, https:\/\/atticusreptiles.com\/wp-content\/uploads\/2025\/03\/IMG_75971.jpg 2048w\" sizes=\"auto, (max-width: 1024px) 100vw, 1024px\" \/><\/figure>\n<\/figure>\n\n\n\n<blockquote class=\"wp-block-quote is-layout-flow wp-block-quote-is-layout-flow\">\n<p>Tangerine, 66% pos het Tremper, Gecko Genetics (mandarin) Line \ud83c\uddfa\ud83c\uddf8<\/p>\n<\/blockquote>\n\n\n\n<p class=\"has-large-font-size\"><\/p>\n\n\n\n<p><br><\/p>\n\n\n\n<div class=\"wp-block-woocommerce-all-products wc-block-all-products\" data-attributes=\"{&quot;alignButtons&quot;:false,&quot;columns&quot;:3,&quot;contentVisibility&quot;:{&quot;orderBy&quot;:true},&quot;isPreview&quot;:false,&quot;layoutConfig&quot;:[[&quot;woocommerce\/product-image&quot;,{&quot;imageSizing&quot;:&quot;thumbnail&quot;}],[&quot;woocommerce\/product-title&quot;],[&quot;woocommerce\/product-price&quot;],[&quot;woocommerce\/product-rating&quot;],[&quot;woocommerce\/product-button&quot;]],&quot;orderby&quot;:&quot;date&quot;,&quot;rows&quot;:3}\"><\/div>\n","protected":false},"excerpt":{"rendered":"<p>One of our Boldstripes. JMG, Lavender, GGG, Bandit Lines Leopard Gekko (Eublepharis macularius) er en art som kommer fra fjellregionene i Pakistan, i vestlige India og helt s\u00f8r\u00f8stlige Afghanistan. De finnes p\u00e5 t\u00f8rre steinete fjellandskap til flate t\u00f8rre gressletter. Leopardgekkoer er nattaktive, og vil om dagen unng\u00e5 ekstrem varme og sover i huler i fjellet [&hellip;]<\/p>\n","protected":false},"author":1,"featured_media":0,"parent":0,"menu_order":0,"comment_status":"closed","ping_status":"closed","template":"","meta":{"footnotes":""},"class_list":["post-56","page","type-page","status-publish","hentry"],"_links":{"self":[{"href":"https:\/\/atticusreptiles.com\/index.php?rest_route=\/wp\/v2\/pages\/56","targetHints":{"allow":["GET"]}}],"collection":[{"href":"https:\/\/atticusreptiles.com\/index.php?rest_route=\/wp\/v2\/pages"}],"about":[{"href":"https:\/\/atticusreptiles.com\/index.php?rest_route=\/wp\/v2\/types\/page"}],"author":[{"embeddable":true,"href":"https:\/\/atticusreptiles.com\/index.php?rest_route=\/wp\/v2\/users\/1"}],"replies":[{"embeddable":true,"href":"https:\/\/atticusreptiles.com\/index.php?rest_route=%2Fwp%2Fv2%2Fcomments&post=56"}],"version-history":[{"count":55,"href":"https:\/\/atticusreptiles.com\/index.php?rest_route=\/wp\/v2\/pages\/56\/revisions"}],"predecessor-version":[{"id":3741,"href":"https:\/\/atticusreptiles.com\/index.php?rest_route=\/wp\/v2\/pages\/56\/revisions\/3741"}],"wp:attachment":[{"href":"https:\/\/atticusreptiles.com\/index.php?rest_route=%2Fwp%2Fv2%2Fmedia&parent=56"}],"curies":[{"name":"wp","href":"https:\/\/api.w.org\/{rel}","templated":true}]}}