{"id":37,"date":"2022-10-17T19:33:54","date_gmt":"2022-10-17T19:33:54","guid":{"rendered":"https:\/\/atticusreptiles.com\/?page_id=37"},"modified":"2026-02-13T02:16:19","modified_gmt":"2026-02-13T02:16:19","slug":"om-oss","status":"publish","type":"page","link":"https:\/\/atticusreptiles.com\/","title":{"rendered":"Velkommen til oss"},"content":{"rendered":"\n<p>Enten du er ny i hobbyen, har gekkoer fra f\u00f8r, driver oppdrett selv, uansett s\u00e5 \u00f8nsker vi dere alle velkommen her til v\u00e5r hjemmeside.<\/p>\n\n\n\n<p>Vi er et forholdsvis lite oppdrett av Leopard Gekkoer (Eublepharis Macularius). V\u00e5rt  oppdrett best\u00e5r av Tangerine`s, Bandits, Black Nights og Melanistic crosses.<br><\/p>\n\n\n\n<p>Vi oppfordrer alle som har lyst til \u00e5 kj\u00f8pe gekko av oss til \u00e5 lese seg godt opp, gj\u00f8re seg kjent med siden v\u00e5r her og lest igjennom kj\u00f8psvilk\u00e5r, caresheets og available geckos siden for mer info om genetikk, id nr, pris osv. <br><\/p>\n\n\n\n<p>Vi holder til i Sandnes, ikke langt unna Stavanger.<br><\/p>\n\n\n\n<p><\/p>\n\n\n\n<figure class=\"wp-block-gallery has-nested-images columns-default is-cropped wp-block-gallery-1 is-layout-flex wp-block-gallery-is-layout-flex\">\n<figure class=\"wp-block-image size-large\"><img loading=\"lazy\" decoding=\"async\" width=\"1024\" height=\"683\" data-id=\"2410\" src=\"https:\/\/atticusreptiles.com\/wp-content\/uploads\/2025\/03\/IMG_7596-1024x683.jpeg\" alt=\"\" class=\"wp-image-2410\" srcset=\"https:\/\/atticusreptiles.com\/wp-content\/uploads\/2025\/03\/IMG_7596-1024x683.jpeg 1024w, https:\/\/atticusreptiles.com\/wp-content\/uploads\/2025\/03\/IMG_7596-300x200.jpeg 300w, https:\/\/atticusreptiles.com\/wp-content\/uploads\/2025\/03\/IMG_7596-768x512.jpeg 768w, https:\/\/atticusreptiles.com\/wp-content\/uploads\/2025\/03\/IMG_7596-1536x1025.jpeg 1536w, https:\/\/atticusreptiles.com\/wp-content\/uploads\/2025\/03\/IMG_7596.jpeg 2048w\" sizes=\"auto, (max-width: 1024px) 100vw, 1024px\" \/><\/figure>\n<\/figure>\n\n\n\n<p class=\"has-small-font-size\">En av v\u00e5re avlshanner: Tangerine, Tremper, Gecko Genetics\/Blood Lineage \ud83c\uddfa\ud83c\uddf8<\/p>\n\n\n\n<blockquote class=\"wp-block-quote is-layout-flow wp-block-quote-is-layout-flow\">\n<h2 class=\"wp-block-heading\"><br><\/h2>\n\n\n\n<h2 class=\"wp-block-heading\">Informasjon om v\u00e5rt oppdrett<\/h2>\n<\/blockquote>\n\n\n\n<p>Reptil hold i Norge er forholdsvis ganske nytt enda etter \u00e5 ha v\u00e6rt ulovlig i over 40 \u00e5r. S\u00e5 da sier det seg selv at det ikke finnes allverden av informasjon enda, og vi \u00f8nsker \u00e5 bidra med all den kunnskap og erfaring vi selv har hatt i l\u00f8pet av \u00e5rene. <\/p>\n\n\n\n<p><br>Vi setter stort fokus p\u00e5 helse, riktige kombinasjoner og 100% kjent genetikk garanti. Det vil si at alle Leopard Gekkoer vi bruker i avl og  kommer til \u00e5 bruke vil stamme fra oppdrettere som har genetikk garanti, dette betyr  at oppdretteren kan garantere at oppgitt genetikk er 100% riktig, og har da testavlet dyrene sine for hets, eller kj\u00f8pt dyrene sine fra andre oppdrettere som har testavlet sine dyr. <br><\/p>\n\n\n\n<p>N\u00e5r en skal avle p\u00e5 dyr generelt s\u00e5 er det viktig for oss oppdrettere \u00e5 vite hva man avler p\u00e5 av gener, for igjen \u00e5 v\u00e6re med p\u00e5 \u00e5 bidra til \u00e5 holde rene sunne linjer med et h\u00e5p om minst mulig sykdom \u00e5 optimale leveforhold b\u00e5de for v\u00e5re avlsdyr og deres avkom. <br><\/p>\n\n\n\n<p>Foreldre dyrene til alle v\u00e5re avlsdyr er testet frie for crypto og alle andre parasitter, men for \u00e5 opprettholde at dem holder seg frie fra parasitter og sykdommer generelt er det viktig \u00e5 holde en  god standard n\u00e5r det kommer til renhold, og itillegg opprettholde optimale levevilk\u00e5r for gekkoen din. <br><\/p>\n\n\n\n<p>Mangel p\u00e5 kunnskap i dag er dessverre hoved\u00e5rsaken til d\u00f8dsfall blandt sm\u00e5 dyr verden over <br><\/p>\n\n\n\n<p>Vi er opptatt av \u00e5 dele v\u00e5r kunnskap og erfaring slik at gekkoene fra oss  skal kunne bo under gode og optimale forhold.  Vi kommer derfor til \u00e5 hele tiden forbedre oss og spre informasjon for \u00e5 v\u00e6re med p\u00e5 \u00e5 bidra til en bedre dyrevelferd. <br><\/p>\n\n\n\n<p>Det finnes alltid noe som kan forbedres i alle sitt dyrehold, og vi engasjerer oss hele tiden for utvikling og forbedring! <br><\/p>\n\n\n\n<p>Vi \u00f8nsker og opprettholde en genetisk renhet i v\u00e5r avl, for \u00e5 minske sykdommer, og smitte.<\/p>\n\n\n\n<p><\/p>\n\n\n\n<p> Vi har daglige strenge rutiner p\u00e5 renhold og holder en h\u00f8y standard p\u00e5 optimale levevilk\u00e5r hos v\u00e5re dyr med stort fokus p\u00e5 hygiene, rene terrarium, rent vann, h\u00e5ndvask f\u00f8r og etter h\u00e5ndtering og lar aldri v\u00e5re andre husdyr v\u00e6re i n\u00e6rheten av v\u00e5re gekkoer, heller ei lar v\u00e5re gekkoer v\u00e6re sammen p\u00e5 noen annen m\u00e5te en kun ved parring. Alt av utstyr vi bruker blir desinfisert en gang i uken, \u00e5 grundig total rengj\u00f8ring av hele terrarium en gang i mnd. Bytter ut og rengj\u00f8r vannsk\u00e5lene ukentlig, og kalsium\/vitaminblanding skiftes ut m\u00e5nedlig. <br><\/p>\n\n\n\n<p>Alle v\u00e5re avlsdyr st\u00e5r ogs\u00e5 i 60x50x50cm terrarium, da vi synes det er viktig at dem f\u00e5r et s\u00e5 naturlig habitat som mulig og en optimal levestandard. <\/p>\n\n\n\n<p>Vi har 2 racks til avkommene v\u00e5re. Et baby rack, \u00e5 et ungdomsrack.<\/p>\n\n\n\n<h2 class=\"wp-block-heading\">Baby Rack<\/h2>\n\n\n\n<p>Vi lar dem v\u00e6re mest mulig i fred f\u00f8rste tiden  da det kan stresse dem ved for mye h\u00e5ndtering n\u00e5r dem blir kjent med en ny verden, men passer n\u00f8ye p\u00e5 \u00e5 fukte, rengj\u00f8r, f\u00f8lge med p\u00e5 hamming, utvikling, at dem har nok mat osv itillegg til vitaminer og kalsium med og uten d3. Her bor dem til dem er ca 15-20gr. <\/p>\n\n\n\n<h2 class=\"wp-block-heading\">Ungdomsrack<\/h2>\n\n\n\n<p>Etter dem har n\u00e5dd rundt 15-20gr blir dem tilvendt st\u00f8rre tubs i et st\u00f8rre rack med mer dekor huler osv s\u00e5 de skal v\u00e6re godt rustet til \u00e5 g\u00e5 over til terrarium. I denne fasen begynner vi mer og mer med h\u00e5ndmating fra pinsett. Kostholdet dems best\u00e5r av dubia, sirisser, zhohopas og minst mulig melormer som kan v\u00e6re ekstremt vanedannende. I denne fasen h\u00e5ndterer vi dem mer s\u00e5nn at dem skal f\u00e5 best mulig utgangspunkt til dem flytter til sine nye hjem.<br><\/p>\n\n\n\n<p><br><\/p>\n\n\n\n<h2 class=\"wp-block-heading\">Reptiler generelt er hobbydyr og ikke kj\u00e6ledyr<\/h2>\n\n\n\n<p>Det er viktig \u00e5 v\u00e6re klar over at reptiler generelt er hobbydyr og ikke kan behandles p\u00e5 samme m\u00e5te som et kj\u00e6ledyr. Alts\u00e5 dem kan h\u00e5ndteres, tas ut av terrarium osv, men med m\u00e5te. Tar du den ut for mye og over lengre perioder skaper det mer stress en godt for dem, da dem er tryggest i habitatet sitt.<\/p>\n\n\n\n<p>Alle Leopard gekkoer, som med andre dyr har forskjellige personligheter. Noen er mer naturlig skvetne, mens andre er mer naturlig rolige. Men i de rette hender med varsom h\u00e5ndtering blir dem fleste h\u00e5ndterbare. Jeg har personlig aldri hatt eller sett en aggressiv gekko, n\u00e5r det er sakt s\u00e5 er det utrolig viktig \u00e5 lese spr\u00e5ket p\u00e5 gekkoen din \u00e5 vite n\u00e5r det er greit \u00e5 h\u00e5ndtere, og respektere om den vil v\u00e6re i fred.<\/p>\n\n\n\n<p class=\"has-normal-font-size\">Leopard gekkoer kommer i mange forskjellige spennende fargedrakter. <br>Fra nyf\u00f8dt til voksen kan dem forandre seg endel fargemessig, s\u00e5 det kan v\u00e6re vanskelig \u00e5 forutsi hvordan en gekko vil bli seende ut som.<\/p>\n\n\n\n<p>Vi bruker aldri noen form for filter ved bildetaking av v\u00e5re gekkoer og bruker lystelt og eller dagslys ved bildetaking for \u00e5 f\u00e5 frem s\u00e5 korrekt farge vi kan p\u00e5 alle gekkoer. Vi kan ogs\u00e5 sende v\u00e5re kunder et filmsnutt s\u00e5nn at dere f\u00e5r sett mer hvordan dem ser ut. <\/p>\n\n\n\n<p class=\"has-normal-font-size\">Vi legger ut gekkoer tilsalgs etterhvert p\u00e5 available geckos s\u00e5 her er det bare \u00e5 f\u00f8lge med. Vi kan ogs\u00e5 f\u00f8lges p\u00e5 facebook og instagram som vi har lagt link til nedenfor. Er det noe dere lurer p\u00e5 s\u00e5 ikke n\u00f8l med \u00e5 ta kontakt for en hyggelig prat \ud83d\ude42 <\/p>\n\n\n\n<h2 class=\"wp-block-heading\">VIKTIG<\/h2>\n\n\n\n<p>&laquo;Pet Only&raquo; Gekkoer skal IKKE brukes i avl. Oppdager vi at det likevel blir gjort vil samtlige oppdrettere i Norge bli informert, og du f\u00e5r ikke lengre kj\u00f8pe gekko av oss.<\/p>\n\n\n\n<p class=\"has-normal-font-size\"><\/p>\n\n\n\n<p class=\"has-normal-font-size\"><\/p>\n\n\n<div class=\"wp-block-image\">\n<figure class=\"aligncenter size-full\"><a href=\"https:\/\/m.facebook.com\/profile.php?id=100084170419249\" target=\"_blank\" rel=\"noreferrer noopener\"><img loading=\"lazy\" decoding=\"async\" width=\"198\" height=\"201\" src=\"https:\/\/atticusreptiles.com\/wp-content\/uploads\/2022\/10\/facebook.jpeg\" alt=\"\" class=\"wp-image-32\"\/><\/a><\/figure>\n<\/div>\n\n<div class=\"wp-block-image\">\n<figure class=\"aligncenter size-thumbnail\"><a href=\"https:\/\/www.instagram.com\/atticus_reptiles\/?igshid=YmMyMTA2M2Y%3D\" target=\"_blank\" rel=\"noreferrer noopener\"><img loading=\"lazy\" decoding=\"async\" width=\"150\" height=\"150\" src=\"https:\/\/atticusreptiles.com\/wp-content\/uploads\/2022\/10\/image-150x150.png\" alt=\"\" class=\"wp-image-33\" srcset=\"https:\/\/atticusreptiles.com\/wp-content\/uploads\/2022\/10\/image-150x150.png 150w, https:\/\/atticusreptiles.com\/wp-content\/uploads\/2022\/10\/image-300x298.png 300w, https:\/\/atticusreptiles.com\/wp-content\/uploads\/2022\/10\/image-1024x1016.png 1024w, https:\/\/atticusreptiles.com\/wp-content\/uploads\/2022\/10\/image-768x762.png 768w, https:\/\/atticusreptiles.com\/wp-content\/uploads\/2022\/10\/image.png 1181w\" sizes=\"auto, (max-width: 150px) 100vw, 150px\" \/><\/a><\/figure>\n<\/div>","protected":false},"excerpt":{"rendered":"<p>Enten du er ny i hobbyen, har gekkoer fra f\u00f8r, driver oppdrett selv, uansett s\u00e5 \u00f8nsker vi dere alle velkommen her til v\u00e5r hjemmeside. Vi er et forholdsvis lite oppdrett av Leopard Gekkoer (Eublepharis Macularius). V\u00e5rt oppdrett best\u00e5r av Tangerine`s, Bandits, Black Nights og Melanistic crosses. Vi oppfordrer alle som har lyst til \u00e5 kj\u00f8pe [&hellip;]<\/p>\n","protected":false},"author":1,"featured_media":0,"parent":0,"menu_order":0,"comment_status":"closed","ping_status":"closed","template":"","meta":{"footnotes":""},"class_list":["post-37","page","type-page","status-publish","hentry"],"_links":{"self":[{"href":"https:\/\/atticusreptiles.com\/index.php?rest_route=\/wp\/v2\/pages\/37","targetHints":{"allow":["GET"]}}],"collection":[{"href":"https:\/\/atticusreptiles.com\/index.php?rest_route=\/wp\/v2\/pages"}],"about":[{"href":"https:\/\/atticusreptiles.com\/index.php?rest_route=\/wp\/v2\/types\/page"}],"author":[{"embeddable":true,"href":"https:\/\/atticusreptiles.com\/index.php?rest_route=\/wp\/v2\/users\/1"}],"replies":[{"embeddable":true,"href":"https:\/\/atticusreptiles.com\/index.php?rest_route=%2Fwp%2Fv2%2Fcomments&post=37"}],"version-history":[{"count":49,"href":"https:\/\/atticusreptiles.com\/index.php?rest_route=\/wp\/v2\/pages\/37\/revisions"}],"predecessor-version":[{"id":3722,"href":"https:\/\/atticusreptiles.com\/index.php?rest_route=\/wp\/v2\/pages\/37\/revisions\/3722"}],"wp:attachment":[{"href":"https:\/\/atticusreptiles.com\/index.php?rest_route=%2Fwp%2Fv2%2Fmedia&parent=37"}],"curies":[{"name":"wp","href":"https:\/\/api.w.org\/{rel}","templated":true}]}}