{"id":1158,"date":"2024-08-14T19:30:36","date_gmt":"2024-08-14T19:30:36","guid":{"rendered":"https:\/\/atticusreptiles.com\/?page_id=1158"},"modified":"2025-03-15T23:14:10","modified_gmt":"2025-03-15T23:14:10","slug":"aa","status":"publish","type":"page","link":"https:\/\/atticusreptiles.com\/?page_id=1158","title":{"rendered":"Care Sheet"},"content":{"rendered":"\n<figure class=\"wp-block-image size-large\"><img loading=\"lazy\" decoding=\"async\" width=\"1024\" height=\"865\" src=\"https:\/\/atticusreptiles.com\/wp-content\/uploads\/2025\/03\/IMG_5638-1-1024x865.jpeg\" alt=\"\" class=\"wp-image-2582\" srcset=\"https:\/\/atticusreptiles.com\/wp-content\/uploads\/2025\/03\/IMG_5638-1-1024x865.jpeg 1024w, https:\/\/atticusreptiles.com\/wp-content\/uploads\/2025\/03\/IMG_5638-1-300x254.jpeg 300w, https:\/\/atticusreptiles.com\/wp-content\/uploads\/2025\/03\/IMG_5638-1-768x649.jpeg 768w, https:\/\/atticusreptiles.com\/wp-content\/uploads\/2025\/03\/IMG_5638-1-1536x1298.jpeg 1536w, https:\/\/atticusreptiles.com\/wp-content\/uploads\/2025\/03\/IMG_5638-1-2048x1731.jpeg 2048w\" sizes=\"auto, (max-width: 1024px) 100vw, 1024px\" \/><\/figure>\n\n\n\n<p>G&amp;T Line.<\/p>\n\n\n\n<h2 class=\"wp-block-heading\">Kosthold<\/h2>\n\n\n\n<p>Kostholdet skal bestandig best\u00e5 av levende insekter. Her er det viktig \u00e5 variere litt p\u00e5 hva du gir. Hoved kostholdet b\u00f8r best\u00e5 av foreks dubia og sirisser, men ogs\u00e5 zhohopas pg melormer  innimellom. V\u00e6r obs p\u00e5 at spesielt melormer er veldig vanedannende, s\u00e5 kan fort bli vanskelig \u00e5 f\u00e5 dem til \u00e5 spise noe annet om dem kun blir tilbudt sistnevnte. Det er h\u00f8yt fettinnhold i dem s\u00e5 fores dem kun p\u00e5 det s\u00e5 kan gekkoen f\u00e5 helseplager som \u00e5 bli overvektig, \u00e5 mangel p\u00e5 andre viktige n\u00e6ringsstoffer som andre type insekter vil gi. Her gjelder det \u00e5 f\u00f8lge med p\u00e5 gekkoen sin generelle helse.&nbsp;<\/p>\n\n\n\n<p>Vi anbefaler og kj\u00f8pe alle insekter enten fra dyrebutikk eller oppdrettere og IKKE plukke med seg hjem og fore fra naturen. En m\u00e5 v\u00e6re obs p\u00e5 at insekter fra naturen kan b\u00e6re p\u00e5 smitte\/sykdommer.<\/p>\n\n\n\n<h2 class=\"wp-block-heading\">Vitaminer<\/h2>\n\n\n\n<p>Vi anbefaler en blanding av Calcium med d3, calcium uten d3 og reptivite vitaminer. Calcium er ekstremt viktig for gekkoens helse da den ikke f\u00e5r nok av det i seg av kostholdet. Det kan f\u00f8re til sykdommer og i v\u00e6rste fall d\u00f8d om den ikke f\u00e5r i seg riktig n\u00e6ring og vitaminer.&nbsp;<\/p>\n\n\n\n<p>Vi anbefaler f\u00f8lgende blanding:&nbsp;<br>2 deler calcium med D3<\/p>\n\n\n\n<p>1 del calcium uten D3<\/p>\n\n\n\n<p>1 del vitaminer (Reptivite)<\/p>\n\n\n<div class=\"wp-block-image\">\n<figure class=\"aligncenter\"><img loading=\"lazy\" decoding=\"async\" width=\"150\" height=\"150\" src=\"https:\/\/atticusreptiles.com\/wp-content\/uploads\/2022\/10\/IMG_8812-150x150.png\" alt=\"\" class=\"wp-image-59\"\/><\/figure>\n<\/div>\n\n\n<blockquote class=\"wp-block-quote is-layout-flow wp-block-quote-is-layout-flow\">\n<p class=\"has-text-align-center\">Calcium med d3, uten d3 og reptivite<\/p>\n<\/blockquote>\n\n\n\n<h2 class=\"wp-block-heading\"><\/h2>\n\n\n\n<pre id=\"tw-target-text\" class=\"wp-block-preformatted\"><\/pre>\n\n\n\n<h2 class=\"wp-block-heading\">N\u00f8dvendig utstyr til gekkoen din<\/h2>\n\n\n\n<p>For \u00e5 passe p\u00e5 at gekkoen din lever under optimale forhold s\u00e5 anbefales det et combometer som m\u00e5ler temperatur og luftfuktighet. Luftfuktigheten b\u00f8r ikke overstige 40%. Det er sjeldent det forekommer her i Norge, men det kan hende, \u00e5 det er ikke farlig om det er over en liten periode. Temperatur p\u00e5 varm side skal ligge mellom 30-32 grader<\/p>\n\n\n\n<p class=\"has-medium-font-size\">                                                                       Combometer<\/p>\n\n\n<div class=\"wp-block-image\">\n<figure class=\"aligncenter\"><img loading=\"lazy\" decoding=\"async\" width=\"150\" height=\"150\" src=\"https:\/\/atticusreptiles.com\/wp-content\/uploads\/2022\/10\/IMG_8890-150x150.jpg\" alt=\"\" class=\"wp-image-62\"\/><figcaption class=\"wp-element-caption\">termperaturm\u00e5ler\/luftfuktighetsm\u00e5ler. Finnes i de fleste dyrebutikker.&nbsp;<\/figcaption><\/figure>\n<\/div>\n\n\n<p><\/p>\n\n\n\n<h2 class=\"wp-block-heading\">Varmematte<\/h2>\n\n\n\n<p>Vi bruker gigan terra varmematte 14W 28x28cm. Det er viktig at varmematten dekker 1\/3 av bunnarealet. S\u00e5 det kommer helt an p\u00e5 str terrarium dere bruker hva som er den beste varmematten for dere.&nbsp;<br><\/p>\n\n\n\n<p><\/p>\n\n\n\n<p><\/p>\n\n\n<div class=\"wp-block-image\">\n<figure class=\"aligncenter is-resized\"><img loading=\"lazy\" decoding=\"async\" width=\"600\" height=\"600\" src=\"https:\/\/atticusreptiles.com\/wp-content\/uploads\/2024\/07\/IMG_3087.jpeg\" alt=\"\" class=\"wp-image-878\" style=\"width:302px;height:auto\" srcset=\"https:\/\/atticusreptiles.com\/wp-content\/uploads\/2024\/07\/IMG_3087.jpeg 600w, https:\/\/atticusreptiles.com\/wp-content\/uploads\/2024\/07\/IMG_3087-300x300.jpeg 300w, https:\/\/atticusreptiles.com\/wp-content\/uploads\/2024\/07\/IMG_3087-150x150.jpeg 150w\" sizes=\"auto, (max-width: 600px) 100vw, 600px\" \/><\/figure>\n<\/div>\n\n\n<p class=\"has-text-align-center\">Bilde for illustrasjon. Hentet fra reptilutstyr.net<\/p>\n\n\n\n<p><\/p>\n\n\n\n<h2 class=\"wp-block-heading\">Thermostat<\/h2>\n\n\n\n<p>Her er vi veldig forn\u00f8yd med Gigan on\/off thermostat som er digitalt og du kan regulere mer n\u00f8yaktig temperatur. Det er et MUST at alle gekkoer fra oss skal ha thermostat koblet opp til varmematten for \u00e5 regulere temperatur. Blir temperaturen for h\u00f8y kan det skade gekkoen din, v\u00e6re brannfarlig \u00e5 potensielt drepe gekkoen din.<\/p>\n\n\n\n<p>&nbsp;<\/p>\n\n\n<div class=\"wp-block-image\">\n<figure class=\"aligncenter is-resized\"><img loading=\"lazy\" decoding=\"async\" width=\"899\" height=\"600\" src=\"https:\/\/atticusreptiles.com\/wp-content\/uploads\/2024\/07\/IMG_3089.jpeg\" alt=\"\" class=\"wp-image-879\" style=\"width:319px;height:auto\" srcset=\"https:\/\/atticusreptiles.com\/wp-content\/uploads\/2024\/07\/IMG_3089.jpeg 899w, https:\/\/atticusreptiles.com\/wp-content\/uploads\/2024\/07\/IMG_3089-300x200.jpeg 300w, https:\/\/atticusreptiles.com\/wp-content\/uploads\/2024\/07\/IMG_3089-768x513.jpeg 768w\" sizes=\"auto, (max-width: 899px) 100vw, 899px\" \/><\/figure>\n<\/div>\n\n\n<p class=\"has-text-align-center\">Bilde for illustrasjon. Hentet fra reptilutstyr.net<\/p>\n\n\n\n<p><\/p>\n\n\n\n<p>Bruker ogs\u00e5 infrar\u00f8d termometer laser pistol for \u00e5 sjekke med jevne mellomrom at varmekilden holder seg stabil. Da temperatur kan variere utifra \u00e5rstid, romtemperatur osv.&nbsp;<\/p>\n\n\n\n<p><\/p>\n\n\n\n<p><\/p>\n\n\n\n<p class=\"has-text-align-center\">(Illustrasjonsbilde hentet fra Biltema)<\/p>\n\n\n<div class=\"wp-block-image\">\n<figure class=\"aligncenter is-resized\"><img loading=\"lazy\" decoding=\"async\" width=\"1024\" height=\"1024\" src=\"https:\/\/atticusreptiles.com\/wp-content\/uploads\/2024\/07\/IMG_3622-1024x1024.jpeg\" alt=\"\" class=\"wp-image-951\" style=\"width:310px;height:auto\" srcset=\"https:\/\/atticusreptiles.com\/wp-content\/uploads\/2024\/07\/IMG_3622-1024x1024.jpeg 1024w, https:\/\/atticusreptiles.com\/wp-content\/uploads\/2024\/07\/IMG_3622-300x300.jpeg 300w, https:\/\/atticusreptiles.com\/wp-content\/uploads\/2024\/07\/IMG_3622-150x150.jpeg 150w, https:\/\/atticusreptiles.com\/wp-content\/uploads\/2024\/07\/IMG_3622-768x768.jpeg 768w, https:\/\/atticusreptiles.com\/wp-content\/uploads\/2024\/07\/IMG_3622-1536x1536.jpeg 1536w, https:\/\/atticusreptiles.com\/wp-content\/uploads\/2024\/07\/IMG_3622-2048x2048.jpeg 2048w\" sizes=\"auto, (max-width: 1024px) 100vw, 1024px\" \/><\/figure>\n<\/div>\n\n\n<p><\/p>\n\n\n\n<h2 class=\"wp-block-heading\">Substrat<\/h2>\n\n\n\n<p>Leopard gekkoer b\u00f8r ikke st\u00e5 p\u00e5 noe som helst som st\u00f8ver, da det kan gi luftveisplager og eller forstoppelse ved inhalering\/uheldig svelging av l\u00f8st substrat. Utrolig viktig \u00e5 finne et substrat som er hardpakket. Vi bruker baderoms fliser og er veldig forn\u00f8yd med det. Det er lett og rengj\u00f8re og vedlikeholde. En kan ogs\u00e5 bruke exo terra stone dessert, voksduk, clay, kj\u00f8kkenpapir. Vi st\u00f8tter IKKE sand, jord som oftest er gj\u00f8dslet i utgangspunktet \u00e5 kan skade din gekko veldig. Vi bruker plantation soil i fuktboks, det gj\u00f8r det behagelig for gekkoen din \u00e5 hamme, dessuten liker dem \u00e5 grave, s\u00e5 da f\u00e5r dem gjort det ogs\u00e5 i fuktboksen. Et tips er \u00e5 ha hullet p\u00e5 toppen s\u00e5 di ikke graver ut alt s\u00e5 det blir mye rot i terrariumet.&nbsp;<\/p>\n\n\n\n<p>Fukthule kan foreks v\u00e6re en matboks, <\/p>\n\n\n\n<p class=\"has-text-align-center\">Vi bruker disse kj\u00f8pt fra Clas Ohlson.&nbsp;<\/p>\n\n\n<div class=\"wp-block-image\">\n<figure class=\"aligncenter is-resized\"><img loading=\"lazy\" decoding=\"async\" width=\"1024\" height=\"566\" src=\"https:\/\/atticusreptiles.com\/wp-content\/uploads\/2024\/08\/IMG_4088-1024x566.jpeg\" alt=\"\" class=\"wp-image-986\" style=\"width:348px;height:auto\" srcset=\"https:\/\/atticusreptiles.com\/wp-content\/uploads\/2024\/08\/IMG_4088-1024x566.jpeg 1024w, https:\/\/atticusreptiles.com\/wp-content\/uploads\/2024\/08\/IMG_4088-300x166.jpeg 300w, https:\/\/atticusreptiles.com\/wp-content\/uploads\/2024\/08\/IMG_4088-768x424.jpeg 768w, https:\/\/atticusreptiles.com\/wp-content\/uploads\/2024\/08\/IMG_4088.jpeg 1200w\" sizes=\"auto, (max-width: 1024px) 100vw, 1024px\" \/><\/figure>\n<\/div>\n\n\n<p><\/p>\n\n\n<div class=\"wp-block-image\">\n<figure class=\"aligncenter size-full\"><img loading=\"lazy\" decoding=\"async\" width=\"150\" height=\"150\" src=\"https:\/\/atticusreptiles.com\/wp-content\/uploads\/2024\/08\/IMG_4885.jpeg\" alt=\"\" class=\"wp-image-1170\" srcset=\"https:\/\/atticusreptiles.com\/wp-content\/uploads\/2024\/08\/IMG_4885.jpeg 150w, https:\/\/atticusreptiles.com\/wp-content\/uploads\/2024\/08\/IMG_4885-100x100.jpeg 100w\" sizes=\"auto, (max-width: 150px) 100vw, 150px\" \/><\/figure>\n<\/div>\n\n\n<p class=\"has-text-align-center\"><em>Eks p\u00e5 substrat til fukthule. Finnes i de fleste dyrebutikker<\/em><\/p>\n\n\n\n<p><\/p>\n\n\n\n<h2 class=\"wp-block-heading\">LYS<\/h2>\n\n\n\n<p>Gekkoer er nattaktive dyr og opptar varme fra undersiden av magen. Siden dem er kaldblodige dyr s\u00e5 trenger dem varme fra undersiden for \u00e5 ford\u00f8ye maten. S\u00e5 med riktig foring \u00e5 vitaminer trenger den strengt tatt ikke UV lys. Det holder lenge med LED-lys, vanlig p\u00e6re. Om du likevel \u00f8nsker \u00e5 bruke dette itillegg er opp til deg. <br><\/p>\n\n\n\n<p>Vi bruker timer for \u00e5 holde d\u00f8gnrytmen til gekkoen s\u00e5 optimalt som mulig. Her bruker vi 12\/12. Foreks lys skrus p\u00e5 automatisk kl 10 p\u00e5 morgenen og sl\u00e5s av automatisk kl 10 om kvelden.&nbsp;<br><\/p>\n\n\n\n<p><\/p>\n\n\n\n<p>Illustrasjonsbilde p\u00e5 timer, kan kj\u00f8pes p\u00e5 Clas ohlson. Plugg den i lyskilden og still inn tid s\u00e5 slipper du skru av og p\u00e5 lyset<\/p>\n\n\n<div class=\"wp-block-image\">\n<figure class=\"aligncenter is-resized\"><img loading=\"lazy\" decoding=\"async\" width=\"1024\" height=\"906\" src=\"https:\/\/atticusreptiles.com\/wp-content\/uploads\/2024\/08\/IMG_3874-1024x906.jpeg\" alt=\"\" class=\"wp-image-979\" style=\"width:240px;height:auto\" srcset=\"https:\/\/atticusreptiles.com\/wp-content\/uploads\/2024\/08\/IMG_3874-1024x906.jpeg 1024w, https:\/\/atticusreptiles.com\/wp-content\/uploads\/2024\/08\/IMG_3874-300x265.jpeg 300w, https:\/\/atticusreptiles.com\/wp-content\/uploads\/2024\/08\/IMG_3874-768x680.jpeg 768w, https:\/\/atticusreptiles.com\/wp-content\/uploads\/2024\/08\/IMG_3874-1536x1359.jpeg 1536w, https:\/\/atticusreptiles.com\/wp-content\/uploads\/2024\/08\/IMG_3874-2048x1812.jpeg 2048w\" sizes=\"auto, (max-width: 1024px) 100vw, 1024px\" \/><\/figure>\n<\/div>\n\n\n<h2 class=\"wp-block-heading\">Dekor<\/h2>\n\n\n\n<p>Minstekrav er 2 huler. En p\u00e5 varm \u00e5 en p\u00e5 kald side, itillegg til fukthule og alt nevnt ovenfor. Vi anbefaler flere gjenmesteder\/huler\/s\u00e5 gekkoen din f\u00f8ler seg trygg \u00e5 itillegg kan bevege seg fritt etter kroppstemperatur\/regulering. Planter, steiner, grener, kork osv anbefales ogs\u00e5. Henter du noe fra naturen s\u00e5 husk \u00e5 vask\/skrubb godt \u00e5 bruk desinfisert middel p\u00e5 dem. <\/p>\n\n\n<div class=\"wp-block-image\">\n<figure class=\"aligncenter is-resized\"><img loading=\"lazy\" decoding=\"async\" width=\"2560\" height=\"1920\" src=\"https:\/\/atticusreptiles.com\/wp-content\/uploads\/2024\/07\/IMG_5990-scaled.jpeg\" alt=\"\" class=\"wp-image-822\" style=\"width:341px;height:auto\" srcset=\"https:\/\/atticusreptiles.com\/wp-content\/uploads\/2024\/07\/IMG_5990-scaled.jpeg 2560w, https:\/\/atticusreptiles.com\/wp-content\/uploads\/2024\/07\/IMG_5990-300x225.jpeg 300w, https:\/\/atticusreptiles.com\/wp-content\/uploads\/2024\/07\/IMG_5990-1024x768.jpeg 1024w, https:\/\/atticusreptiles.com\/wp-content\/uploads\/2024\/07\/IMG_5990-768x576.jpeg 768w, https:\/\/atticusreptiles.com\/wp-content\/uploads\/2024\/07\/IMG_5990-1536x1152.jpeg 1536w, https:\/\/atticusreptiles.com\/wp-content\/uploads\/2024\/07\/IMG_5990-2048x1536.jpeg 2048w\" sizes=\"auto, (max-width: 2560px) 100vw, 2560px\" \/><figcaption class=\"wp-element-caption\">Eksempel p\u00e5 terrarium oppsett Leopard Gecko<\/figcaption><\/figure>\n<\/div>\n\n\n<h2 class=\"wp-block-heading\">Stell og hold av Leopard gekkoer<\/h2>\n\n\n\n<p><br>Det anbefales og bruke terrarium med minste str p\u00e5 60x40x40, helst st\u00f8rre. Det viktigste er bunnareal da dem ikke er noe klatrere. Minst 2 huler, en p\u00e5 varm side \u00e5 en p\u00e5 kald side +fukthule der vi anbefaler at den st\u00e5r mellom varm og kald side. Spray gjerne boksen med litt vann et par ganger i uken. V\u00e6r obs n\u00e5r din gekko er ferdig \u00e5 hamme. G\u00e5 over den og sjekk grundig at all gammel hud er borte. Dette er spesielt viktig da dem kan miste blodforsyning til foreks t\u00e6r som kan f\u00f8re til at dem tilslutt mister noen t\u00e6r. <\/p>\n\n\n\n<p><\/p>\n\n\n\n<p>Leopard Gekkoer skal ha varmematte som varmekilde (Vi bruker gigan terra varmematte p\u00e5 14W 28x28cm) og termostat som SKAL kobles til varmematten for \u00e5 holde temperaturen stabil. Vi bruker gigan on\/off digital termostat. Temperatur p\u00e5 varm side b\u00f8r ligge p\u00e5 30-32 grader, mens p\u00e5 kald side kan det v\u00e6re fra 22-25grader. N\u00e5r det kommer til lys holder det med vanlig led lys.<\/p>\n\n\n\n<p>Luftfuktigheten b\u00f8r ligge mellom 30-40%, dette kan enkelt f\u00f8lges med p\u00e5 ved \u00e5 bruke exoterra combometer. Da f\u00e5r du m\u00e5lt temperatur og luftfuktigheten. Overstiger luftfuktigheten med over 40% over lengre tid kan de f\u00e5 luftveisplager.<\/p>\n\n\n\n<p>N\u00e5r din gekko hammer blir den sensitiv for h\u00e5ndtering. S\u00e5 helst la den f\u00e5 helt fred i denne perioden. Pass p\u00e5 at fukthulen er godt fuktig, \u00e5 f\u00f8lg med at det ikke sitter igjen rester etterp\u00e5. F\u00e5r din gekko problemer med \u00e5 hamme, at det g\u00e5r lengre tid en normalt s\u00e5 hjelp gjerne til med \u00e5 gi den et vannbad i ca 15 min. Gjenta prosessen til den er ferdig hammet. Vannbad kan ogs\u00e5 hjelpe om gekkoen f\u00e5r forstoppelse.<\/p>\n\n\n\n<h2 class=\"wp-block-heading\"><br>Caresheet for the Gecko<\/h2>\n\n\n\n<pre id=\"tw-target-text\" class=\"wp-block-preformatted\">\ud83c\uddec\ud83c\udde7 It is also recommended to use a terrarium with a minimum size of 60x40x40, preferably larger. The most important thing is bottom area as they are not climbers. At least 2 caves, one on the warm side and one on the cold side + moisture box. We reccomand that the moisture box is between hot and cold side. And the substrate here can be plantation soil or coconut fiber. Leopard Geckos must have a heating mat as a heat source (We use a gigan terra heating mat of 14W 28x28cm) and a thermostat that MUST be connected to the heating mat to keep the temperature stable. We use a gigan on\/off digital thermostat. The temperature on the warm side should be 30-32 degrees, while on the cold side it can be from 22-25 degrees. When it comes to light, ordinary LED lights will do.<br><br>The humidity should be between 30-40%, this can easily be monitored by using the exoterra combometer. Then you get the temperature and humidity measured. Exceeding the humidity by more than 40% over a longer period of time can cause respiratory problems.<br><br>When your gecko sheds it becomes sensitive to handling. So preferably let it rest completely during this period. Make sure that the moisture box is well moist, and make sure that no skin remains on the gecko afterwards. If your gecko has trouble shedding, that it takes longer than normal, then please help by giving it a water bath for about 15 minutes. This can also help if it gets constipated<\/pre>\n\n\n\n<h2 class=\"wp-block-heading\">H\u00e5ndtering&nbsp;<\/h2>\n\n\n\n<p>Som med alle andre dyr s\u00e5 har ogs\u00e5 gekkoer forskjellige personligheter. Noen er mer rolige av natur, mens andre er mer skvetne. Noen er mer kontakts\u00f8kende, mens andre er mer tilbaketrukne. Her er det viktig \u00e5 lese gekkoen din. Den gir signaler om den vil v\u00e6re i fred. Meget sjeldent biter en gekko, men den kan pr\u00f8ve \u00e5 flykte, gi varsler med halen for \u00e5 gj\u00f8re seg st\u00f8rre, lage lyder osv. S\u00e5 l\u00e6r \u00e5 kjenne din gekko sitt kroppsspr\u00e5k \u00e5 ikke plukk den opp om den viser at den vil v\u00e6re i fred. Plukk den alltid opp forsiktig \u00e5 aldri hold den fast. Blir en gekko redd s\u00e5 kan den i v\u00e6rste fall slippe halen som et forsvar p\u00e5 \u00e5 komme seg vekk, \u00e5 som i naturen bruker dette som en distraksjon mot rovdyr da halen beveger seg en liten stund etterp\u00e5. Det vil vokse ut en ny hale, men den vil aldri bli lik igjen.<\/p>\n\n\n\n<pre id=\"tw-target-text\" class=\"wp-block-preformatted\"><\/pre>\n","protected":false},"excerpt":{"rendered":"<p>G&amp;T Line. Kosthold Kostholdet skal bestandig best\u00e5 av levende insekter. Her er det viktig \u00e5 variere litt p\u00e5 hva du gir. Hoved kostholdet b\u00f8r best\u00e5 av foreks dubia og sirisser, men ogs\u00e5 zhohopas pg melormer innimellom. V\u00e6r obs p\u00e5 at spesielt melormer er veldig vanedannende, s\u00e5 kan fort bli vanskelig \u00e5 f\u00e5 dem til \u00e5 [&hellip;]<\/p>\n","protected":false},"author":1,"featured_media":0,"parent":0,"menu_order":0,"comment_status":"closed","ping_status":"closed","template":"","meta":{"footnotes":""},"class_list":["post-1158","page","type-page","status-publish","hentry"],"_links":{"self":[{"href":"https:\/\/atticusreptiles.com\/index.php?rest_route=\/wp\/v2\/pages\/1158","targetHints":{"allow":["GET"]}}],"collection":[{"href":"https:\/\/atticusreptiles.com\/index.php?rest_route=\/wp\/v2\/pages"}],"about":[{"href":"https:\/\/atticusreptiles.com\/index.php?rest_route=\/wp\/v2\/types\/page"}],"author":[{"embeddable":true,"href":"https:\/\/atticusreptiles.com\/index.php?rest_route=\/wp\/v2\/users\/1"}],"replies":[{"embeddable":true,"href":"https:\/\/atticusreptiles.com\/index.php?rest_route=%2Fwp%2Fv2%2Fcomments&post=1158"}],"version-history":[{"count":46,"href":"https:\/\/atticusreptiles.com\/index.php?rest_route=\/wp\/v2\/pages\/1158\/revisions"}],"predecessor-version":[{"id":2584,"href":"https:\/\/atticusreptiles.com\/index.php?rest_route=\/wp\/v2\/pages\/1158\/revisions\/2584"}],"wp:attachment":[{"href":"https:\/\/atticusreptiles.com\/index.php?rest_route=%2Fwp%2Fv2%2Fmedia&parent=1158"}],"curies":[{"name":"wp","href":"https:\/\/api.w.org\/{rel}","templated":true}]}}